{"id":891,"date":"2025-07-12T12:24:58","date_gmt":"2025-07-12T15:24:58","guid":{"rendered":"https:\/\/hygrossystems.com\/?page_id=891"},"modified":"2025-12-19T09:47:25","modified_gmt":"2025-12-19T12:47:25","slug":"bolsas-de-humedad","status":"publish","type":"page","link":"https:\/\/hygrossystems.com\/index.php\/bolsas-de-humedad\/","title":{"rendered":"Bolsas de humedad"},"content":{"rendered":"\t\t<div data-elementor-type=\"wp-page\" data-elementor-id=\"891\" class=\"elementor elementor-891\" data-elementor-post-type=\"page\">\n\t\t\t\t<div class=\"elementor-element elementor-element-08b5aa3 elementor-hidden-desktop elementor-hidden-tablet elementor-hidden-mobile e-flex e-con-boxed e-con e-parent\" data-id=\"08b5aa3\" data-element_type=\"container\">\n\t\t\t\t\t<div class=\"e-con-inner\">\n\t\t\t\t<div class=\"elementor-element elementor-element-10571a4 elementor-widget elementor-widget-image\" data-id=\"10571a4\" data-element_type=\"widget\" data-widget_type=\"image.default\">\n\t\t\t\t<div class=\"elementor-widget-container\">\n\t\t\t\t\t\t\t\t\t\t\t\t\t\t\t<img fetchpriority=\"high\" decoding=\"async\" width=\"800\" height=\"375\" src=\"https:\/\/hygrossystems.com\/wp-content\/uploads\/2025\/08\/MANUAL-HYGROSS-11-1024x480.png\" class=\"attachment-large size-large wp-image-1090\" alt=\"\" srcset=\"https:\/\/hygrossystems.com\/wp-content\/uploads\/2025\/08\/MANUAL-HYGROSS-11-1024x480.png 1024w, https:\/\/hygrossystems.com\/wp-content\/uploads\/2025\/08\/MANUAL-HYGROSS-11-300x141.png 300w, https:\/\/hygrossystems.com\/wp-content\/uploads\/2025\/08\/MANUAL-HYGROSS-11-768x360.png 768w, https:\/\/hygrossystems.com\/wp-content\/uploads\/2025\/08\/MANUAL-HYGROSS-11-1536x720.png 1536w, https:\/\/hygrossystems.com\/wp-content\/uploads\/2025\/08\/MANUAL-HYGROSS-11.png 1920w\" sizes=\"(max-width: 800px) 100vw, 800px\" \/>\t\t\t\t\t\t\t\t\t\t\t\t\t\t\t<\/div>\n\t\t\t\t<\/div>\n\t\t\t\t\t<\/div>\n\t\t\t\t<\/div>\n\t\t<div class=\"elementor-element elementor-element-29b0c28 e-flex e-con-boxed e-con e-parent\" data-id=\"29b0c28\" data-element_type=\"container\">\n\t\t\t\t\t<div class=\"e-con-inner\">\n\t\t<div class=\"elementor-element elementor-element-2abacef e-con-full e-flex e-con e-child\" data-id=\"2abacef\" data-element_type=\"container\">\n\t\t\t\t<div class=\"elementor-element elementor-element-5390c42 elementor-widget elementor-widget-heading\" data-id=\"5390c42\" data-element_type=\"widget\" data-widget_type=\"heading.default\">\n\t\t\t\t<div class=\"elementor-widget-container\">\n\t\t\t\t\t<h2 class=\"elementor-heading-title elementor-size-default\">La atm\u00f3sfera perfecta, sellada en cada bolsa<\/h2>\t\t\t\t<\/div>\n\t\t\t\t<\/div>\n\t\t\t\t<\/div>\n\t\t<div class=\"elementor-element elementor-element-300018a e-con-full e-flex e-con e-child\" data-id=\"300018a\" data-element_type=\"container\">\n\t\t\t\t<div class=\"elementor-element elementor-element-d55203a elementor-widget elementor-widget-text-editor\" data-id=\"d55203a\" data-element_type=\"widget\" data-widget_type=\"text-editor.default\">\n\t\t\t\t<div class=\"elementor-widget-container\">\n\t\t\t\t\t\t\t\t\t<p>Las <strong>bolsas Hygros<\/strong> son <strong>sistemas inteligentes de control de humedad dise\u00f1ados para conservar puros, tabacos y productos delicados en condiciones ideales<\/strong>. Funcionan de forma autom\u00e1tica y bidireccional, regulando la humedad relativa: si hay poca, la liberan; si hay exceso, la absorben. As\u00ed, garantizan que tus puros nunca est\u00e9n ni resecos ni demasiado h\u00famedos.<\/p>\t\t\t\t\t\t\t\t<\/div>\n\t\t\t\t<\/div>\n\t\t\t\t<\/div>\n\t\t<div class=\"elementor-element elementor-element-793887d e-con-full e-flex e-con e-child\" data-id=\"793887d\" data-element_type=\"container\">\n\t\t\t\t<div class=\"elementor-element elementor-element-a61045d elementor-widget elementor-widget-text-editor\" data-id=\"a61045d\" data-element_type=\"widget\" data-widget_type=\"text-editor.default\">\n\t\t\t\t<div class=\"elementor-widget-container\">\n\t\t\t\t\t\t\t\t\t<p>Gracias a su f\u00f3rmula equilibrada, <strong>las Hygros mantienen constante el nivel de humedad dentro de tu humidor o estuche<\/strong>, lo cual es esencial para preservar el sabor, aroma y textura del tabaco, evitar el desarrollo de moho y asegurar una experiencia de fumado tal como fue pensada por el fabricante.<\/p>\t\t\t\t\t\t\t\t<\/div>\n\t\t\t\t<\/div>\n\t\t\t\t<\/div>\n\t\t<div class=\"elementor-element elementor-element-e688c61 e-con-full e-flex e-con e-child\" data-id=\"e688c61\" data-element_type=\"container\">\n\t\t\t\t<div class=\"elementor-element elementor-element-c5a6b4a elementor-widget elementor-widget-heading\" data-id=\"c5a6b4a\" data-element_type=\"widget\" data-widget_type=\"heading.default\">\n\t\t\t\t<div class=\"elementor-widget-container\">\n\t\t\t\t\t<h5 class=\"elementor-heading-title elementor-size-default\">\u00bfPor qu\u00e9 elegir una bolsa Hygros?<\/h5>\t\t\t\t<\/div>\n\t\t\t\t<\/div>\n\t\t\t\t<div class=\"elementor-element elementor-element-c0bef00 elementor-widget elementor-widget-text-editor\" data-id=\"c0bef00\" data-element_type=\"widget\" data-widget_type=\"text-editor.default\">\n\t\t\t\t<div class=\"elementor-widget-container\">\n\t\t\t\t\t\t\t\t\t<ul>\n<li><strong>Sin mantenimiento:<\/strong> no requiere recarga ni control.<\/li>\n<li><strong>Precisi\u00f3n total:<\/strong> disponible en diferentes niveles de humedad seg\u00fan tus necesidades (62%, 75%).<\/li>\n<li><strong>Segura y limpia:<\/strong> sin riesgo de derrames, hongos ni sobrehidrataci\u00f3n.<\/li>\n<li><strong>Port\u00e1til y pr\u00e1ctica:<\/strong> ideal para humidores peque\u00f1os o viajes.<\/li>\n<li><strong>Duradera:<\/strong> ofrece de 2 a 4 meses de protecci\u00f3n (dependiendo el uso)<\/li>\n<\/ul>\t\t\t\t\t\t\t\t<\/div>\n\t\t\t\t<\/div>\n\t\t\t\t<\/div>\n\t\t<div class=\"elementor-element elementor-element-2021da4 e-con-full e-flex e-con e-child\" data-id=\"2021da4\" data-element_type=\"container\">\n\t\t<div class=\"elementor-element elementor-element-50ac94c e-con-full e-flex e-con e-child\" data-id=\"50ac94c\" data-element_type=\"container\">\n\t\t\t\t<div class=\"elementor-element elementor-element-728fff3 elementor-widget elementor-widget-heading\" data-id=\"728fff3\" data-element_type=\"widget\" data-widget_type=\"heading.default\">\n\t\t\t\t<div class=\"elementor-widget-container\">\n\t\t\t\t\t<h5 class=\"elementor-heading-title elementor-size-default\">Entonces, \u00bfcon cu\u00e1l me quedo? \u00bf62% o 75%?<\/h5>\t\t\t\t<\/div>\n\t\t\t\t<\/div>\n\t\t\t\t<div class=\"elementor-element elementor-element-f092611 elementor-widget elementor-widget-text-editor\" data-id=\"f092611\" data-element_type=\"widget\" data-widget_type=\"text-editor.default\">\n\t\t\t\t<div class=\"elementor-widget-container\">\n\t\t\t\t\t\t\t\t\t<p>La diferencia entre una bolsa Hygros de 62% y una de 75% <strong>radica en el nivel de humedad relativa que mantienen dentro del humidor o estuche.<\/strong><\/p>\t\t\t\t\t\t\t\t<\/div>\n\t\t\t\t<\/div>\n\t\t\t\t<div class=\"elementor-element elementor-element-965a658 elementor-widget elementor-widget-text-editor\" data-id=\"965a658\" data-element_type=\"widget\" data-widget_type=\"text-editor.default\">\n\t\t\t\t<div class=\"elementor-widget-container\">\n\t\t\t\t\t\t\t\t\t<p>La <strong>Hygros 62%<\/strong> es ideal para quienes prefieren los puros con una sensaci\u00f3n m\u00e1s seca, una combusti\u00f3n firme y sabores m\u00e1s intensos, adem\u00e1s de ser recomendable en climas h\u00famedos o para tabacos naturalmente aceitosos.<\/p>\t\t\t\t\t\t\t\t<\/div>\n\t\t\t\t<\/div>\n\t\t\t\t<div class=\"elementor-element elementor-element-07dd912 elementor-widget elementor-widget-text-editor\" data-id=\"07dd912\" data-element_type=\"widget\" data-widget_type=\"text-editor.default\">\n\t\t\t\t<div class=\"elementor-widget-container\">\n\t\t\t\t\t\t\t\t\t<p>En cambio, la <strong>Hygros 75%<\/strong> est\u00e1 pensada para aportar una mayor humedad, por lo que resulta perfecta para recuperar puros resecos, conservar en ambientes muy secos o cuando el humidor pierde humedad con facilidad. Esta opci\u00f3n tambi\u00e9n ayuda a suavizar el tabaco y resaltar notas m\u00e1s dulces y cremosas.<\/p>\t\t\t\t\t\t\t\t<\/div>\n\t\t\t\t<\/div>\n\t\t\t\t<\/div>\n\t\t<div class=\"elementor-element elementor-element-dc8f4de e-con-full e-flex e-con e-child\" data-id=\"dc8f4de\" data-element_type=\"container\">\n\t\t\t\t<div class=\"elementor-element elementor-element-c43ba1a elementor-widget elementor-widget-image\" data-id=\"c43ba1a\" data-element_type=\"widget\" data-widget_type=\"image.default\">\n\t\t\t\t<div class=\"elementor-widget-container\">\n\t\t\t\t\t\t\t\t\t\t\t\t\t\t\t<img decoding=\"async\" width=\"800\" height=\"534\" src=\"https:\/\/hygrossystems.com\/wp-content\/uploads\/2025\/07\/hygros-75-1024x683.jpg\" class=\"attachment-large size-large wp-image-799\" alt=\"\" srcset=\"https:\/\/hygrossystems.com\/wp-content\/uploads\/2025\/07\/hygros-75-1024x683.jpg 1024w, https:\/\/hygrossystems.com\/wp-content\/uploads\/2025\/07\/hygros-75-300x200.jpg 300w, https:\/\/hygrossystems.com\/wp-content\/uploads\/2025\/07\/hygros-75-768x512.jpg 768w, https:\/\/hygrossystems.com\/wp-content\/uploads\/2025\/07\/hygros-75-1536x1024.jpg 1536w, https:\/\/hygrossystems.com\/wp-content\/uploads\/2025\/07\/hygros-75-2048x1365.jpg 2048w\" sizes=\"(max-width: 800px) 100vw, 800px\" \/>\t\t\t\t\t\t\t\t\t\t\t\t\t\t\t<\/div>\n\t\t\t\t<\/div>\n\t\t\t\t<\/div>\n\t\t\t\t<\/div>\n\t\t<div class=\"elementor-element elementor-element-7155c01 e-con-full e-flex e-con e-child\" data-id=\"7155c01\" data-element_type=\"container\">\n\t\t<div class=\"elementor-element elementor-element-2fc3c3d e-con-full e-flex e-con e-child\" data-id=\"2fc3c3d\" data-element_type=\"container\">\n\t\t\t\t<div class=\"elementor-element elementor-element-b58c3dd elementor-widget elementor-widget-image\" data-id=\"b58c3dd\" data-element_type=\"widget\" data-widget_type=\"image.default\">\n\t\t\t\t<div class=\"elementor-widget-container\">\n\t\t\t\t\t\t\t\t\t\t\t\t\t\t\t<img decoding=\"async\" width=\"800\" height=\"534\" src=\"https:\/\/hygrossystems.com\/wp-content\/uploads\/2025\/07\/hygros-62-pipa-1024x683.jpg\" class=\"attachment-large size-large wp-image-795\" alt=\"\" srcset=\"https:\/\/hygrossystems.com\/wp-content\/uploads\/2025\/07\/hygros-62-pipa-1024x683.jpg 1024w, https:\/\/hygrossystems.com\/wp-content\/uploads\/2025\/07\/hygros-62-pipa-300x200.jpg 300w, https:\/\/hygrossystems.com\/wp-content\/uploads\/2025\/07\/hygros-62-pipa-768x512.jpg 768w, https:\/\/hygrossystems.com\/wp-content\/uploads\/2025\/07\/hygros-62-pipa-1536x1024.jpg 1536w, https:\/\/hygrossystems.com\/wp-content\/uploads\/2025\/07\/hygros-62-pipa-2048x1365.jpg 2048w\" sizes=\"(max-width: 800px) 100vw, 800px\" \/>\t\t\t\t\t\t\t\t\t\t\t\t\t\t\t<\/div>\n\t\t\t\t<\/div>\n\t\t\t\t<\/div>\n\t\t<div class=\"elementor-element elementor-element-170b6ec e-con-full e-flex e-con e-child\" data-id=\"170b6ec\" data-element_type=\"container\">\n\t\t\t\t<div class=\"elementor-element elementor-element-ac70006 elementor-widget elementor-widget-text-editor\" data-id=\"ac70006\" data-element_type=\"widget\" data-widget_type=\"text-editor.default\">\n\t\t\t\t<div class=\"elementor-widget-container\">\n\t\t\t\t\t\t\t\t\t<p>La elecci\u00f3n entre una y otra <strong>no depende \u00fanicamente del tipo de experiencia de fumado que busques<\/strong>, sino tambi\u00e9n del tama\u00f1o del estuche o humidor que est\u00e9s usando y de la cantidad de puros o producto que coloques en su interior.<\/p>\t\t\t\t\t\t\t\t<\/div>\n\t\t\t\t<\/div>\n\t\t\t\t<div class=\"elementor-element elementor-element-0aa37ed elementor-widget elementor-widget-text-editor\" data-id=\"0aa37ed\" data-element_type=\"widget\" data-widget_type=\"text-editor.default\">\n\t\t\t\t<div class=\"elementor-widget-container\">\n\t\t\t\t\t\t\t\t\t<p>Un <strong>espacio muy grande o con pocos puros requerir\u00e1 mayor esfuerzo de la bolsa<\/strong> para mantener el nivel adecuado, mientras que un espacio m\u00e1s compacto o muy lleno puede retener mejor la humedad. Adem\u00e1s, <strong>factores como el clima del entorno o la frecuencia con la que abr\u00eds el humidor<\/strong> tambi\u00e9n influyen en el rendimiento de la bolsa y en cu\u00e1l es la m\u00e1s conveniente para vos.<\/p>\t\t\t\t\t\t\t\t<\/div>\n\t\t\t\t<\/div>\n\t\t\t\t<div class=\"elementor-element elementor-element-50d3723 elementor-widget elementor-widget-text-editor\" data-id=\"50d3723\" data-element_type=\"widget\" data-widget_type=\"text-editor.default\">\n\t\t\t\t<div class=\"elementor-widget-container\">\n\t\t\t\t\t\t\t\t\t<p><strong>Por eso, elegir el nivel correcto de Hygros es clave para garantizar que tus puros se conserven en las condiciones ideales seg\u00fan tu estilo, tu espacio\u00a0y\u00a0tu\u00a0contexto.<\/strong><\/p>\t\t\t\t\t\t\t\t<\/div>\n\t\t\t\t<\/div>\n\t\t\t\t<\/div>\n\t\t\t\t<\/div>\n\t\t<div class=\"elementor-element elementor-element-97c17cb e-con-full e-flex e-con e-child\" data-id=\"97c17cb\" data-element_type=\"container\">\n\t\t\t\t<div class=\"elementor-element elementor-element-cd676fe elementor-widget elementor-widget-heading\" data-id=\"cd676fe\" data-element_type=\"widget\" data-widget_type=\"heading.default\">\n\t\t\t\t<div class=\"elementor-widget-container\">\n\t\t\t\t\t<h2 class=\"elementor-heading-title elementor-size-default\">Viv\u00ed Hygros<\/h2>\t\t\t\t<\/div>\n\t\t\t\t<\/div>\n\t\t\t\t<\/div>\n\t\t<div class=\"elementor-element elementor-element-c06930a e-con-full e-flex e-con e-child\" data-id=\"c06930a\" data-element_type=\"container\">\n\t\t<div class=\"elementor-element elementor-element-12ab9e4 e-con-full e-flex e-con e-child\" data-id=\"12ab9e4\" data-element_type=\"container\">\n\t\t\t\t<div class=\"elementor-element elementor-element-2646881 elementor-cta--skin-classic elementor-animated-content elementor-bg-transform elementor-bg-transform-zoom-in elementor-widget elementor-widget-call-to-action\" data-id=\"2646881\" data-element_type=\"widget\" data-widget_type=\"call-to-action.default\">\n\t\t\t\t<div class=\"elementor-widget-container\">\n\t\t\t\t\t\t\t<div class=\"elementor-cta\">\n\t\t\t\t\t<div class=\"elementor-cta__bg-wrapper\">\n\t\t\t\t<div class=\"elementor-cta__bg elementor-bg\" style=\"background-image: url(https:\/\/hygrossystems.com\/wp-content\/uploads\/2025\/08\/hygros62cajaBolsaFondo-1024x683.png);\" role=\"img\" aria-label=\"hygros62cajaBolsaFondo\"><\/div>\n\t\t\t\t<div class=\"elementor-cta__bg-overlay\"><\/div>\n\t\t\t<\/div>\n\t\t\t\t\t\t\t<div class=\"elementor-cta__content\">\n\t\t\t\t\n\t\t\t\t\t\t\t\t\t<h2 class=\"elementor-cta__title elementor-cta__content-item elementor-content-item\">\n\t\t\t\t\t\tHygros 62% 8gr\t\t\t\t\t<\/h2>\n\t\t\t\t\n\t\t\t\t\t\t\t\t\t<div class=\"elementor-cta__description elementor-cta__content-item elementor-content-item\">\n\t\t\t\t\t\tIdeal para pocos puros, tabaco, cannabis, o espacios de guardado peque\u00f1os.\t\t\t\t\t<\/div>\n\t\t\t\t\n\t\t\t\t\t\t\t\t\t<div class=\"elementor-cta__button-wrapper elementor-cta__content-item elementor-content-item \">\n\t\t\t\t\t<a class=\"elementor-cta__button elementor-button elementor-size-\" href=\"https:\/\/vueltabajo.com.ar\/product\/hygros-humidity-bag-62-8grs-x1-unidad\/\">\n\t\t\t\t\t\tComprar 62%\t\t\t\t\t<\/a>\n\t\t\t\t\t<\/div>\n\t\t\t\t\t\t\t<\/div>\n\t\t\t\t\t\t<\/div>\n\t\t\t\t\t\t<\/div>\n\t\t\t\t<\/div>\n\t\t\t\t<\/div>\n\t\t<div class=\"elementor-element elementor-element-0aba4b7 e-con-full e-flex e-con e-child\" data-id=\"0aba4b7\" data-element_type=\"container\">\n\t\t\t\t<div class=\"elementor-element elementor-element-854588e elementor-cta--skin-classic elementor-animated-content elementor-bg-transform elementor-bg-transform-zoom-in elementor-widget elementor-widget-call-to-action\" data-id=\"854588e\" data-element_type=\"widget\" data-widget_type=\"call-to-action.default\">\n\t\t\t\t<div class=\"elementor-widget-container\">\n\t\t\t\t\t\t\t<div class=\"elementor-cta\">\n\t\t\t\t\t<div class=\"elementor-cta__bg-wrapper\">\n\t\t\t\t<div class=\"elementor-cta__bg elementor-bg\" style=\"background-image: url(https:\/\/hygrossystems.com\/wp-content\/uploads\/2025\/08\/hygros75cajaBolsaFondo-1024x683.png);\" role=\"img\" aria-label=\"hygros75cajaBolsaFondo\"><\/div>\n\t\t\t\t<div class=\"elementor-cta__bg-overlay\"><\/div>\n\t\t\t<\/div>\n\t\t\t\t\t\t\t<div class=\"elementor-cta__content\">\n\t\t\t\t\n\t\t\t\t\t\t\t\t\t<h2 class=\"elementor-cta__title elementor-cta__content-item elementor-content-item\">\n\t\t\t\t\t\tHygros 75% 63gr\t\t\t\t\t<\/h2>\n\t\t\t\t\n\t\t\t\t\t\t\t\t\t<div class=\"elementor-cta__description elementor-cta__content-item elementor-content-item\">\n\t\t\t\t\t\tEsencial para humidores de gran capacidad.\t\t\t\t\t<\/div>\n\t\t\t\t\n\t\t\t\t\t\t\t\t\t<div class=\"elementor-cta__button-wrapper elementor-cta__content-item elementor-content-item \">\n\t\t\t\t\t<a class=\"elementor-cta__button elementor-button elementor-size-\" href=\"https:\/\/vueltabajo.com.ar\/product\/hygros-humidity-bag-75-63grs-x1-unidad\/\">\n\t\t\t\t\t\tComprar 75%\t\t\t\t\t<\/a>\n\t\t\t\t\t<\/div>\n\t\t\t\t\t\t\t<\/div>\n\t\t\t\t\t\t<\/div>\n\t\t\t\t\t\t<\/div>\n\t\t\t\t<\/div>\n\t\t\t\t<\/div>\n\t\t\t\t<\/div>\n\t\t\t\t\t<\/div>\n\t\t\t\t<\/div>\n\t\t\t\t<\/div>\n\t\t","protected":false},"excerpt":{"rendered":"<p>La atm\u00f3sfera perfecta, sellada en cada bolsa Las bolsas Hygros son sistemas inteligentes de control de humedad dise\u00f1ados para conservar puros, tabacos y productos delicados en condiciones ideales. Funcionan de forma autom\u00e1tica y bidireccional, regulando la humedad relativa: si hay poca, la liberan; si hay exceso, la absorben. As\u00ed, garantizan que tus puros nunca est\u00e9n [&hellip;]<\/p>\n","protected":false},"author":1,"featured_media":0,"parent":0,"menu_order":0,"comment_status":"closed","ping_status":"closed","template":"elementor_header_footer","meta":{"footnotes":""},"class_list":["post-891","page","type-page","status-publish","hentry"],"aioseo_notices":[],"lang":"es","translations":{"es":891},"pll_sync_post":[],"_links":{"self":[{"href":"https:\/\/hygrossystems.com\/index.php\/wp-json\/wp\/v2\/pages\/891","targetHints":{"allow":["GET"]}}],"collection":[{"href":"https:\/\/hygrossystems.com\/index.php\/wp-json\/wp\/v2\/pages"}],"about":[{"href":"https:\/\/hygrossystems.com\/index.php\/wp-json\/wp\/v2\/types\/page"}],"author":[{"embeddable":true,"href":"https:\/\/hygrossystems.com\/index.php\/wp-json\/wp\/v2\/users\/1"}],"replies":[{"embeddable":true,"href":"https:\/\/hygrossystems.com\/index.php\/wp-json\/wp\/v2\/comments?post=891"}],"version-history":[{"count":49,"href":"https:\/\/hygrossystems.com\/index.php\/wp-json\/wp\/v2\/pages\/891\/revisions"}],"predecessor-version":[{"id":1219,"href":"https:\/\/hygrossystems.com\/index.php\/wp-json\/wp\/v2\/pages\/891\/revisions\/1219"}],"wp:attachment":[{"href":"https:\/\/hygrossystems.com\/index.php\/wp-json\/wp\/v2\/media?parent=891"}],"curies":[{"name":"wp","href":"https:\/\/api.w.org\/{rel}","templated":true}]}}