{"id":698,"date":"2025-07-10T09:39:47","date_gmt":"2025-07-10T12:39:47","guid":{"rendered":"https:\/\/hygrossystems.com\/?page_id=698"},"modified":"2025-12-19T09:46:30","modified_gmt":"2025-12-19T12:46:30","slug":"nosotros","status":"publish","type":"page","link":"https:\/\/hygrossystems.com\/index.php\/nosotros\/","title":{"rendered":"Universo Hygros"},"content":{"rendered":"\t\t<div data-elementor-type=\"wp-page\" data-elementor-id=\"698\" class=\"elementor elementor-698\" data-elementor-post-type=\"page\">\n\t\t\t\t<div class=\"elementor-element elementor-element-dc76d3c e-flex e-con-boxed e-con e-parent\" data-id=\"dc76d3c\" data-element_type=\"container\">\n\t\t\t\t\t<div class=\"e-con-inner\">\n\t\t\t\t<div class=\"elementor-element elementor-element-c7a38f4 elementor-widget elementor-widget-heading\" data-id=\"c7a38f4\" data-element_type=\"widget\" data-widget_type=\"heading.default\">\n\t\t\t\t<div class=\"elementor-widget-container\">\n\t\t\t\t\t<h2 class=\"elementor-heading-title elementor-size-default\">Universo Hygros <\/h2>\t\t\t\t<\/div>\n\t\t\t\t<\/div>\n\t\t\t\t<div class=\"elementor-element elementor-element-d6f9fa9 elementor-widget elementor-widget-text-editor\" data-id=\"d6f9fa9\" data-element_type=\"widget\" data-widget_type=\"text-editor.default\">\n\t\t\t\t<div class=\"elementor-widget-container\">\n\t\t\t\t\t\t\t\t\t<h3><span class=\"notion-enable-hover\" data-token-index=\"0\">Hygros nace para dominar la ciencia de la humedad y elevarla a una experiencia de dise\u00f1o.<\/span><!-- notionvc: 21948b4a-8b68-423c-aea4-f39e1cbe5790 --><\/h3>\t\t\t\t\t\t\t\t<\/div>\n\t\t\t\t<\/div>\n\t\t\t\t<div class=\"elementor-element elementor-element-c7c97cd elementor-widget elementor-widget-text-editor\" data-id=\"c7c97cd\" data-element_type=\"widget\" data-widget_type=\"text-editor.default\">\n\t\t\t\t<div class=\"elementor-widget-container\">\n\t\t\t\t\t\t\t\t\t<p>Somos especialistas en conservaci\u00f3n de alto nivel, con soluciones que van desde bolsas humidificadoras calibradas con exactitud, hasta gabinetes climatizados y sistemas de aging de precisi\u00f3n \u00b11%.<!-- notionvc: 21948b4a-8b68-423c-aea4-f39e1cbe5790 --><\/p>\t\t\t\t\t\t\t\t<\/div>\n\t\t\t\t<\/div>\n\t\t\t\t<div class=\"elementor-element elementor-element-b96936d elementor-widget elementor-widget-text-editor\" data-id=\"b96936d\" data-element_type=\"widget\" data-widget_type=\"text-editor.default\">\n\t\t\t\t<div class=\"elementor-widget-container\">\n\t\t\t\t\t\t\t\t\t<p>Cada producto refleja nuestra filosof\u00eda: unir tecnolog\u00eda avanzada, est\u00e9tica atemporal y fiabilidad absoluta.<br \/>Con materiales como acero inoxidable, maderas nobles y sistemas de climatizaci\u00f3n l\u00edderes, creamos entornos que no solo protegen, sino que potencian el valor de lo que resguardan.<!-- notionvc: 21948b4a-8b68-423c-aea4-f39e1cbe5790 --><\/p>\t\t\t\t\t\t\t\t<\/div>\n\t\t\t\t<\/div>\n\t\t\t\t<div class=\"elementor-element elementor-element-8645f08 elementor-widget elementor-widget-image\" data-id=\"8645f08\" data-element_type=\"widget\" data-widget_type=\"image.default\">\n\t\t\t\t<div class=\"elementor-widget-container\">\n\t\t\t\t\t\t\t\t\t\t\t\t\t\t\t<img fetchpriority=\"high\" decoding=\"async\" width=\"800\" height=\"534\" src=\"https:\/\/hygrossystems.com\/wp-content\/uploads\/2025\/07\/hygros-humidor-plastico-1024x683.jpg\" class=\"attachment-large size-large wp-image-800\" alt=\"\" srcset=\"https:\/\/hygrossystems.com\/wp-content\/uploads\/2025\/07\/hygros-humidor-plastico-1024x683.jpg 1024w, https:\/\/hygrossystems.com\/wp-content\/uploads\/2025\/07\/hygros-humidor-plastico-300x200.jpg 300w, https:\/\/hygrossystems.com\/wp-content\/uploads\/2025\/07\/hygros-humidor-plastico-768x512.jpg 768w, https:\/\/hygrossystems.com\/wp-content\/uploads\/2025\/07\/hygros-humidor-plastico-1536x1024.jpg 1536w, https:\/\/hygrossystems.com\/wp-content\/uploads\/2025\/07\/hygros-humidor-plastico-2048x1365.jpg 2048w\" sizes=\"(max-width: 800px) 100vw, 800px\" \/>\t\t\t\t\t\t\t\t\t\t\t\t\t\t\t<\/div>\n\t\t\t\t<\/div>\n\t\t\t\t<div class=\"elementor-element elementor-element-4994851 elementor-widget elementor-widget-text-editor\" data-id=\"4994851\" data-element_type=\"widget\" data-widget_type=\"text-editor.default\">\n\t\t\t\t<div class=\"elementor-widget-container\">\n\t\t\t\t\t\t\t\t\t<h3><span class=\"notion-enable-hover\" data-token-index=\"0\">Hygros. Donde la atm\u00f3sfera perfecta no es una casualidad, sino un compromiso.<\/span><!-- notionvc: 7c71b80a-818f-45d5-8b18-16b1c3aa669e --><!-- notionvc: 21948b4a-8b68-423c-aea4-f39e1cbe5790 --><\/h3>\t\t\t\t\t\t\t\t<\/div>\n\t\t\t\t<\/div>\n\t\t\t\t<div class=\"elementor-element elementor-element-7b30a1f elementor-widget elementor-widget-text-editor\" data-id=\"7b30a1f\" data-element_type=\"widget\" data-widget_type=\"text-editor.default\">\n\t\t\t\t<div class=\"elementor-widget-container\">\n\t\t\t\t\t\t\t\t\t<p>En Hygros entendemos que la verdadera conservaci\u00f3n no es solo cuesti\u00f3n de preservar, sino de <span class=\"notion-enable-hover\" data-token-index=\"1\">respetar el alma de cada pieza<\/span>. Un puro no es simplemente tabaco: es tiempo, tradici\u00f3n y manos expertas que lo han creado. Un vino no es solo una bebida: es historia l\u00edquida, memoria embotellada.<!-- notionvc: bcc5a6d7-6fb8-4ae5-8e1a-74452ef29fce --><!-- notionvc: 7c71b80a-818f-45d5-8b18-16b1c3aa669e --><!-- notionvc: 21948b4a-8b68-423c-aea4-f39e1cbe5790 --><\/p>\t\t\t\t\t\t\t\t<\/div>\n\t\t\t\t<\/div>\n\t\t\t\t<div class=\"elementor-element elementor-element-83c374e elementor-widget elementor-widget-text-editor\" data-id=\"83c374e\" data-element_type=\"widget\" data-widget_type=\"text-editor.default\">\n\t\t\t\t<div class=\"elementor-widget-container\">\n\t\t\t\t\t\t\t\t\t<p>Por eso, nuestros desarrollos no se limitan a contener, sino a <span class=\"notion-enable-hover\" data-token-index=\"1\">crear microclimas exactos<\/span> que detienen la degradaci\u00f3n y prolongan la experiencia en su punto \u00f3ptimo. Desde soluciones port\u00e1tiles para el aficionado exigente, hasta gabinetes de gran capacidad para colecciones de prestigio, cada producto Hygros es <span class=\"notion-enable-hover\" data-token-index=\"3\">una pieza de ingenier\u00eda silenciosa<\/span> que act\u00faa de forma invisible pero decisiva.<!-- notionvc: 5f5f3d28-40c8-4dca-85fb-eb9424dac2e6 --><\/p>\t\t\t\t\t\t\t\t<\/div>\n\t\t\t\t<\/div>\n\t\t\t\t<div class=\"elementor-element elementor-element-127ae21 elementor-widget elementor-widget-text-editor\" data-id=\"127ae21\" data-element_type=\"widget\" data-widget_type=\"text-editor.default\">\n\t\t\t\t<div class=\"elementor-widget-container\">\n\t\t\t\t\t\t\t\t\t<h3>Hygros es la elecci\u00f3n de quienes saben que el lujo est\u00e1 en los detalles que no se ven, pero que se sienten en cada apertura, en cada aroma, en cada sorbo.<\/h3>\t\t\t\t\t\t\t\t<\/div>\n\t\t\t\t<\/div>\n\t\t\t\t\t<\/div>\n\t\t\t\t<\/div>\n\t\t\t\t<\/div>\n\t\t","protected":false},"excerpt":{"rendered":"<p>Universo Hygros Hygros nace para dominar la ciencia de la humedad y elevarla a una experiencia de dise\u00f1o. Somos especialistas en conservaci\u00f3n de alto nivel, con soluciones que van desde bolsas humidificadoras calibradas con exactitud, hasta gabinetes climatizados y sistemas de aging de precisi\u00f3n \u00b11%. Cada producto refleja nuestra filosof\u00eda: unir tecnolog\u00eda avanzada, est\u00e9tica atemporal [&hellip;]<\/p>\n","protected":false},"author":1,"featured_media":0,"parent":0,"menu_order":0,"comment_status":"closed","ping_status":"closed","template":"elementor_header_footer","meta":{"footnotes":""},"class_list":["post-698","page","type-page","status-publish","hentry"],"aioseo_notices":[],"lang":"es","translations":{"es":698},"pll_sync_post":[],"_links":{"self":[{"href":"https:\/\/hygrossystems.com\/index.php\/wp-json\/wp\/v2\/pages\/698","targetHints":{"allow":["GET"]}}],"collection":[{"href":"https:\/\/hygrossystems.com\/index.php\/wp-json\/wp\/v2\/pages"}],"about":[{"href":"https:\/\/hygrossystems.com\/index.php\/wp-json\/wp\/v2\/types\/page"}],"author":[{"embeddable":true,"href":"https:\/\/hygrossystems.com\/index.php\/wp-json\/wp\/v2\/users\/1"}],"replies":[{"embeddable":true,"href":"https:\/\/hygrossystems.com\/index.php\/wp-json\/wp\/v2\/comments?post=698"}],"version-history":[{"count":14,"href":"https:\/\/hygrossystems.com\/index.php\/wp-json\/wp\/v2\/pages\/698\/revisions"}],"predecessor-version":[{"id":1216,"href":"https:\/\/hygrossystems.com\/index.php\/wp-json\/wp\/v2\/pages\/698\/revisions\/1216"}],"wp:attachment":[{"href":"https:\/\/hygrossystems.com\/index.php\/wp-json\/wp\/v2\/media?parent=698"}],"curies":[{"name":"wp","href":"https:\/\/api.w.org\/{rel}","templated":true}]}}