{"id":43,"date":"2023-11-01T10:44:08","date_gmt":"2023-11-01T13:44:08","guid":{"rendered":"https:\/\/hygrossystems.com\/index.php\/home\/"},"modified":"2026-02-19T12:54:52","modified_gmt":"2026-02-19T15:54:52","slug":"home","status":"publish","type":"page","link":"https:\/\/hygrossystems.com\/","title":{"rendered":"Home"},"content":{"rendered":"\t\t<div data-elementor-type=\"wp-page\" data-elementor-id=\"43\" class=\"elementor elementor-43\" data-elementor-post-type=\"page\">\n\t\t\t\t<div class=\"elementor-element elementor-element-44931e8 e-flex e-con-boxed e-con e-parent\" data-id=\"44931e8\" data-element_type=\"container\" data-settings=\"{&quot;background_background&quot;:&quot;classic&quot;}\">\n\t\t\t\t\t<div class=\"e-con-inner\">\n\t\t<div class=\"elementor-element elementor-element-10e1fcc e-con-full e-flex e-con e-child\" data-id=\"10e1fcc\" data-element_type=\"container\" data-settings=\"{&quot;background_background&quot;:&quot;classic&quot;}\">\n\t\t<div class=\"elementor-element elementor-element-5fe9681 e-con-full e-flex e-con e-child\" data-id=\"5fe9681\" data-element_type=\"container\">\n\t\t\t\t<div class=\"elementor-element elementor-element-2e0976e elementor-widget elementor-widget-heading\" data-id=\"2e0976e\" data-element_type=\"widget\" data-widget_type=\"heading.default\">\n\t\t\t\t<div class=\"elementor-widget-container\">\n\t\t\t\t\t<h1 class=\"elementor-heading-title elementor-size-default\">Ingenier\u00eda exacta.\n<br>\nConservaci\u00f3n impecable.<\/h1>\t\t\t\t<\/div>\n\t\t\t\t<\/div>\n\t\t\t\t<div class=\"elementor-element elementor-element-afd9671 elementor-widget elementor-widget-text-editor\" data-id=\"afd9671\" data-element_type=\"widget\" data-widget_type=\"text-editor.default\">\n\t\t\t\t<div class=\"elementor-widget-container\">\n\t\t\t\t\t\t\t\t\t<p>El control de la humedad se simplifica con nuestra<\/p><p>tecnolog\u00eda l\u00edder en la industria.<\/p>\t\t\t\t\t\t\t\t<\/div>\n\t\t\t\t<\/div>\n\t\t\t\t<div class=\"elementor-element elementor-element-fe2e9af elementor-widget elementor-widget-button\" data-id=\"fe2e9af\" data-element_type=\"widget\" data-widget_type=\"button.default\">\n\t\t\t\t<div class=\"elementor-widget-container\">\n\t\t\t\t\t\t\t\t\t<div class=\"elementor-button-wrapper\">\n\t\t\t\t\t<a class=\"elementor-button elementor-button-link elementor-size-sm\" href=\"#nuestrosProductos\">\n\t\t\t\t\t\t<span class=\"elementor-button-content-wrapper\">\n\t\t\t\t\t\t\t\t\t<span class=\"elementor-button-text\">Conocer productos<\/span>\n\t\t\t\t\t<\/span>\n\t\t\t\t\t<\/a>\n\t\t\t\t<\/div>\n\t\t\t\t\t\t\t\t<\/div>\n\t\t\t\t<\/div>\n\t\t\t\t<\/div>\n\t\t<div class=\"elementor-element elementor-element-6365d0e e-con-full e-flex e-con e-child\" data-id=\"6365d0e\" data-element_type=\"container\">\n\t\t\t\t<div class=\"elementor-element elementor-element-527b704 elementor-widget elementor-widget-image\" data-id=\"527b704\" data-element_type=\"widget\" data-widget_type=\"image.default\">\n\t\t\t\t<div class=\"elementor-widget-container\">\n\t\t\t\t\t\t\t\t\t\t\t\t\t\t\t<img fetchpriority=\"high\" decoding=\"async\" width=\"558\" height=\"273\" src=\"https:\/\/hygrossystems.com\/wp-content\/uploads\/2023\/11\/logo.png\" class=\"attachment-large size-large wp-image-15\" alt=\"\" srcset=\"https:\/\/hygrossystems.com\/wp-content\/uploads\/2023\/11\/logo.png 558w, https:\/\/hygrossystems.com\/wp-content\/uploads\/2023\/11\/logo-300x147.png 300w\" sizes=\"(max-width: 558px) 100vw, 558px\" \/>\t\t\t\t\t\t\t\t\t\t\t\t\t\t\t<\/div>\n\t\t\t\t<\/div>\n\t\t\t\t<\/div>\n\t\t\t\t<\/div>\n\t\t\t\t<div class=\"elementor-element elementor-element-fb673ca elementor-widget elementor-widget-deensimc-smooth-text\" data-id=\"fb673ca\" data-element_type=\"widget\" data-widget_type=\"deensimc-smooth-text.default\">\n\t\t\t\t<div class=\"elementor-widget-container\">\n\t\t\t\t\t\t\t<div class=\"deensimc-marquee-main-container deensimc-text-marquee\n\t\t\"\n\t\t\tdata-marquee-speed=\"10\"\n\t\t\t>\n\t\t\t<div class=\"deensimc-marquee-track-wrapper\">\n\t\t\t\t<div class=\"deensimc-marquee-track\">\n\t\t\t\t\t\t\t\t<div class=\"deensimc-text-wrapper\" aria-hidden=\"false\">\n\t\t\t\t\t\t\t\t<p class=\"deensimc-scroll-text\">\n\t\t\t\t\tCAVAS\t\t\t\t<\/p>\n\t\t\t<\/div>\n\t\t\t\t\t<div class=\"deensimc-text-wrapper\" aria-hidden=\"false\">\n\t\t\t\t\t\t\t\t<p class=\"deensimc-scroll-text\">\n\t\t\t\t\t|\t\t\t\t<\/p>\n\t\t\t<\/div>\n\t\t\t\t\t<div class=\"deensimc-text-wrapper\" aria-hidden=\"false\">\n\t\t\t\t\t\t\t\t<p class=\"deensimc-scroll-text\">\n\t\t\t\t\tBOLSAS DE HUMEDAD\t\t\t\t<\/p>\n\t\t\t<\/div>\n\t\t\t\t\t<div class=\"deensimc-text-wrapper\" aria-hidden=\"false\">\n\t\t\t\t\t\t\t\t<p class=\"deensimc-scroll-text\">\n\t\t\t\t\t|\t\t\t\t<\/p>\n\t\t\t<\/div>\n\t\t\t\t\t<div class=\"deensimc-text-wrapper\" aria-hidden=\"false\">\n\t\t\t\t\t\t\t\t<p class=\"deensimc-scroll-text\">\n\t\t\t\t\tCAVAS\t\t\t\t<\/p>\n\t\t\t<\/div>\n\t\t\t\t\t<div class=\"deensimc-text-wrapper\" aria-hidden=\"false\">\n\t\t\t\t\t\t\t\t<p class=\"deensimc-scroll-text\">\n\t\t\t\t\t|\t\t\t\t<\/p>\n\t\t\t<\/div>\n\t\t\t\t\t<div class=\"deensimc-text-wrapper\" aria-hidden=\"false\">\n\t\t\t\t\t\t\t\t<p class=\"deensimc-scroll-text\">\n\t\t\t\t\tBOLSAS DE HUMEDAD\t\t\t\t<\/p>\n\t\t\t<\/div>\n\t\t\t\t\t<div class=\"deensimc-text-wrapper\" aria-hidden=\"false\">\n\t\t\t\t\t\t\t\t<p class=\"deensimc-scroll-text\">\n\t\t\t\t\t|\t\t\t\t<\/p>\n\t\t\t<\/div>\n\t\t\t\t\t<div class=\"deensimc-text-wrapper\" aria-hidden=\"false\">\n\t\t\t\t\t\t\t\t<p class=\"deensimc-scroll-text\">\n\t\t\t\t\tCAVAS\t\t\t\t<\/p>\n\t\t\t<\/div>\n\t\t\t\t\t<div class=\"deensimc-text-wrapper\" aria-hidden=\"false\">\n\t\t\t\t\t\t\t\t<p class=\"deensimc-scroll-text\">\n\t\t\t\t\t|\t\t\t\t<\/p>\n\t\t\t<\/div>\n\t\t\t\t\t<div class=\"deensimc-text-wrapper\" aria-hidden=\"false\">\n\t\t\t\t\t\t\t\t<p class=\"deensimc-scroll-text\">\n\t\t\t\t\tBOLSAS DE HUMEDAD\t\t\t\t<\/p>\n\t\t\t<\/div>\n\t\t\t\t\t<div class=\"deensimc-text-wrapper\" aria-hidden=\"false\">\n\t\t\t\t\t\t\t\t<p class=\"deensimc-scroll-text\">\n\t\t\t\t\t|\t\t\t\t<\/p>\n\t\t\t<\/div>\n\t\t\t\t\t<div class=\"deensimc-text-wrapper\" aria-hidden=\"false\">\n\t\t\t\t\t\t\t\t<p class=\"deensimc-scroll-text\">\n\t\t\t\t\tCAVAS\t\t\t\t<\/p>\n\t\t\t<\/div>\n\t\t\t\t\t<div class=\"deensimc-text-wrapper\" aria-hidden=\"false\">\n\t\t\t\t\t\t\t\t<p class=\"deensimc-scroll-text\">\n\t\t\t\t\t|\t\t\t\t<\/p>\n\t\t\t<\/div>\n\t\t\t\t\t<div class=\"deensimc-text-wrapper\" aria-hidden=\"false\">\n\t\t\t\t\t\t\t\t<p class=\"deensimc-scroll-text\">\n\t\t\t\t\tBOLSAS DE HUMEDAD\t\t\t\t<\/p>\n\t\t\t<\/div>\n\t\t\t\t\t<div class=\"deensimc-text-wrapper\" aria-hidden=\"false\">\n\t\t\t\t\t\t\t\t<p class=\"deensimc-scroll-text\">\n\t\t\t\t\t|\t\t\t\t<\/p>\n\t\t\t<\/div>\n\t\t\t\t\t<div class=\"deensimc-text-wrapper\" aria-hidden=\"false\">\n\t\t\t\t\t\t\t\t<p class=\"deensimc-scroll-text\">\n\t\t\t\t\tCAVAS\t\t\t\t<\/p>\n\t\t\t<\/div>\n\t\t\t\t\t<div class=\"deensimc-text-wrapper\" aria-hidden=\"false\">\n\t\t\t\t\t\t\t\t<p class=\"deensimc-scroll-text\">\n\t\t\t\t\t|\t\t\t\t<\/p>\n\t\t\t<\/div>\n\t\t\t\t\t<div class=\"deensimc-text-wrapper\" aria-hidden=\"false\">\n\t\t\t\t\t\t\t\t<p class=\"deensimc-scroll-text\">\n\t\t\t\t\tBOLSAS DE HUMEDAD\t\t\t\t<\/p>\n\t\t\t<\/div>\n\t\t\t\t\t<div class=\"deensimc-text-wrapper\" aria-hidden=\"false\">\n\t\t\t\t\t\t\t\t<p class=\"deensimc-scroll-text\">\n\t\t\t\t\t|\t\t\t\t<\/p>\n\t\t\t<\/div>\n\t\t\t\t\t\t<\/div>\n\t\t\t\t<div aria-hidden=\"true\" class=\"deensimc-marquee-track\">\n\t\t\t\t\t\t\t\t<div class=\"deensimc-text-wrapper\" aria-hidden=\"false\">\n\t\t\t\t\t\t\t\t<p class=\"deensimc-scroll-text\">\n\t\t\t\t\tCAVAS\t\t\t\t<\/p>\n\t\t\t<\/div>\n\t\t\t\t\t<div class=\"deensimc-text-wrapper\" aria-hidden=\"false\">\n\t\t\t\t\t\t\t\t<p class=\"deensimc-scroll-text\">\n\t\t\t\t\t|\t\t\t\t<\/p>\n\t\t\t<\/div>\n\t\t\t\t\t<div class=\"deensimc-text-wrapper\" aria-hidden=\"false\">\n\t\t\t\t\t\t\t\t<p class=\"deensimc-scroll-text\">\n\t\t\t\t\tBOLSAS DE HUMEDAD\t\t\t\t<\/p>\n\t\t\t<\/div>\n\t\t\t\t\t<div class=\"deensimc-text-wrapper\" aria-hidden=\"false\">\n\t\t\t\t\t\t\t\t<p class=\"deensimc-scroll-text\">\n\t\t\t\t\t|\t\t\t\t<\/p>\n\t\t\t<\/div>\n\t\t\t\t\t<div class=\"deensimc-text-wrapper\" aria-hidden=\"false\">\n\t\t\t\t\t\t\t\t<p class=\"deensimc-scroll-text\">\n\t\t\t\t\tCAVAS\t\t\t\t<\/p>\n\t\t\t<\/div>\n\t\t\t\t\t<div class=\"deensimc-text-wrapper\" aria-hidden=\"false\">\n\t\t\t\t\t\t\t\t<p class=\"deensimc-scroll-text\">\n\t\t\t\t\t|\t\t\t\t<\/p>\n\t\t\t<\/div>\n\t\t\t\t\t<div class=\"deensimc-text-wrapper\" aria-hidden=\"false\">\n\t\t\t\t\t\t\t\t<p class=\"deensimc-scroll-text\">\n\t\t\t\t\tBOLSAS DE HUMEDAD\t\t\t\t<\/p>\n\t\t\t<\/div>\n\t\t\t\t\t<div class=\"deensimc-text-wrapper\" aria-hidden=\"false\">\n\t\t\t\t\t\t\t\t<p class=\"deensimc-scroll-text\">\n\t\t\t\t\t|\t\t\t\t<\/p>\n\t\t\t<\/div>\n\t\t\t\t\t<div class=\"deensimc-text-wrapper\" aria-hidden=\"false\">\n\t\t\t\t\t\t\t\t<p class=\"deensimc-scroll-text\">\n\t\t\t\t\tCAVAS\t\t\t\t<\/p>\n\t\t\t<\/div>\n\t\t\t\t\t<div class=\"deensimc-text-wrapper\" aria-hidden=\"false\">\n\t\t\t\t\t\t\t\t<p class=\"deensimc-scroll-text\">\n\t\t\t\t\t|\t\t\t\t<\/p>\n\t\t\t<\/div>\n\t\t\t\t\t<div class=\"deensimc-text-wrapper\" aria-hidden=\"false\">\n\t\t\t\t\t\t\t\t<p class=\"deensimc-scroll-text\">\n\t\t\t\t\tBOLSAS DE HUMEDAD\t\t\t\t<\/p>\n\t\t\t<\/div>\n\t\t\t\t\t<div class=\"deensimc-text-wrapper\" aria-hidden=\"false\">\n\t\t\t\t\t\t\t\t<p class=\"deensimc-scroll-text\">\n\t\t\t\t\t|\t\t\t\t<\/p>\n\t\t\t<\/div>\n\t\t\t\t\t<div class=\"deensimc-text-wrapper\" aria-hidden=\"false\">\n\t\t\t\t\t\t\t\t<p class=\"deensimc-scroll-text\">\n\t\t\t\t\tCAVAS\t\t\t\t<\/p>\n\t\t\t<\/div>\n\t\t\t\t\t<div class=\"deensimc-text-wrapper\" aria-hidden=\"false\">\n\t\t\t\t\t\t\t\t<p class=\"deensimc-scroll-text\">\n\t\t\t\t\t|\t\t\t\t<\/p>\n\t\t\t<\/div>\n\t\t\t\t\t<div class=\"deensimc-text-wrapper\" aria-hidden=\"false\">\n\t\t\t\t\t\t\t\t<p class=\"deensimc-scroll-text\">\n\t\t\t\t\tBOLSAS DE HUMEDAD\t\t\t\t<\/p>\n\t\t\t<\/div>\n\t\t\t\t\t<div class=\"deensimc-text-wrapper\" aria-hidden=\"false\">\n\t\t\t\t\t\t\t\t<p class=\"deensimc-scroll-text\">\n\t\t\t\t\t|\t\t\t\t<\/p>\n\t\t\t<\/div>\n\t\t\t\t\t<div class=\"deensimc-text-wrapper\" aria-hidden=\"false\">\n\t\t\t\t\t\t\t\t<p class=\"deensimc-scroll-text\">\n\t\t\t\t\tCAVAS\t\t\t\t<\/p>\n\t\t\t<\/div>\n\t\t\t\t\t<div class=\"deensimc-text-wrapper\" aria-hidden=\"false\">\n\t\t\t\t\t\t\t\t<p class=\"deensimc-scroll-text\">\n\t\t\t\t\t|\t\t\t\t<\/p>\n\t\t\t<\/div>\n\t\t\t\t\t<div class=\"deensimc-text-wrapper\" aria-hidden=\"false\">\n\t\t\t\t\t\t\t\t<p class=\"deensimc-scroll-text\">\n\t\t\t\t\tBOLSAS DE HUMEDAD\t\t\t\t<\/p>\n\t\t\t<\/div>\n\t\t\t\t\t<div class=\"deensimc-text-wrapper\" aria-hidden=\"false\">\n\t\t\t\t\t\t\t\t<p class=\"deensimc-scroll-text\">\n\t\t\t\t\t|\t\t\t\t<\/p>\n\t\t\t<\/div>\n\t\t\t\t\t\t<\/div>\n\t\t\t<\/div>\n\t\t<\/div>\n\t\t\t\t<\/div>\n\t\t\t\t<\/div>\n\t\t<div class=\"elementor-element elementor-element-6696705 e-con-full e-flex e-con e-child\" data-id=\"6696705\" data-element_type=\"container\" data-settings=\"{&quot;background_background&quot;:&quot;slideshow&quot;,&quot;background_slideshow_gallery&quot;:[{&quot;id&quot;:1236,&quot;url&quot;:&quot;https:\\\/\\\/hygrossystems.com\\\/wp-content\\\/uploads\\\/2025\\\/08\\\/banner2.png&quot;}],&quot;background_slideshow_loop&quot;:&quot;yes&quot;,&quot;background_slideshow_slide_duration&quot;:5000,&quot;background_slideshow_slide_transition&quot;:&quot;fade&quot;,&quot;background_slideshow_transition_duration&quot;:500}\">\n\t\t\t\t<div class=\"elementor-element elementor-element-27520b4 elementor-widget elementor-widget-heading\" data-id=\"27520b4\" data-element_type=\"widget\" data-widget_type=\"heading.default\">\n\t\t\t\t<div class=\"elementor-widget-container\">\n\t\t\t\t\t<h2 class=\"elementor-heading-title elementor-size-default\">\u00bfPor qu\u00e9 la humedad<br>es el secreto de la conservaci\u00f3n?<\/h2>\t\t\t\t<\/div>\n\t\t\t\t<\/div>\n\t\t\t\t<div class=\"elementor-element elementor-element-240bbb3 elementor-widget__width-initial elementor-invisible elementor-widget elementor-widget-text-editor\" data-id=\"240bbb3\" data-element_type=\"widget\" data-settings=\"{&quot;_animation&quot;:&quot;fadeInDown&quot;}\" data-widget_type=\"text-editor.default\">\n\t\t\t\t<div class=\"elementor-widget-container\">\n\t\t\t\t\t\t\t\t\t<p>En el mundo de la conservaci\u00f3n, la humedad no es un detalle: es el factor que determina si un cigarro, un vino o una colecci\u00f3n se preserva en su m\u00e1ximo esplendor o pierde su esencia.<br \/>Las variaciones m\u00ednimas de humedad pueden alterar aromas, sabores y estructuras, acortando la vida \u00fatil de piezas \u00fanicas y afectando su verdadero valor.<\/p>\t\t\t\t\t\t\t\t<\/div>\n\t\t\t\t<\/div>\n\t\t\t\t<\/div>\n\t\t<div class=\"elementor-element elementor-element-d35f72f e-con-full e-flex e-con e-child\" data-id=\"d35f72f\" data-element_type=\"container\" data-settings=\"{&quot;background_background&quot;:&quot;classic&quot;}\">\n\t\t\t\t<div class=\"elementor-element elementor-element-84ac164 elementor-invisible elementor-widget elementor-widget-text-editor\" data-id=\"84ac164\" data-element_type=\"widget\" id=\"nuestrosProductos\" data-settings=\"{&quot;_animation&quot;:&quot;fadeInDown&quot;}\" data-widget_type=\"text-editor.default\">\n\t\t\t\t<div class=\"elementor-widget-container\">\n\t\t\t\t\t\t\t\t\t<p>NUESTROS PRODUCTOS<\/p>\t\t\t\t\t\t\t\t<\/div>\n\t\t\t\t<\/div>\n\t\t\t\t<\/div>\n\t\t<div class=\"elementor-element elementor-element-67278502 e-con-full e-flex e-con e-child\" data-id=\"67278502\" data-element_type=\"container\">\n\t\t\t\t<div class=\"elementor-element elementor-element-36d17a28 elementor-cta--layout-image-right elementor-cta--mobile-layout-image-above elementor-cta--skin-classic elementor-animated-content elementor-bg-transform elementor-bg-transform-zoom-in elementor-widget elementor-widget-call-to-action\" data-id=\"36d17a28\" data-element_type=\"widget\" data-widget_type=\"call-to-action.default\">\n\t\t\t\t<div class=\"elementor-widget-container\">\n\t\t\t\t\t\t\t<div class=\"elementor-cta\">\n\t\t\t\t\t<div class=\"elementor-cta__bg-wrapper\">\n\t\t\t\t<div class=\"elementor-cta__bg elementor-bg\" style=\"background-image: url(https:\/\/hygrossystems.com\/wp-content\/uploads\/2025\/08\/productos-25-1024x683.png);\" role=\"img\" aria-label=\"productos-25\"><\/div>\n\t\t\t\t<div class=\"elementor-cta__bg-overlay\"><\/div>\n\t\t\t<\/div>\n\t\t\t\t\t\t\t<div class=\"elementor-cta__content\">\n\t\t\t\t\n\t\t\t\t\t\t\t\t\t<h2 class=\"elementor-cta__title elementor-cta__content-item elementor-content-item\">\n\t\t\t\t\t\tCavas Hygros\t\t\t\t\t<\/h2>\n\t\t\t\t\n\t\t\t\t\t\t\t\t\t<div class=\"elementor-cta__description elementor-cta__content-item elementor-content-item\">\n\t\t\t\t\t\tLas <b>cavas Hygros<\/b> representan la uni\u00f3n entre precisi\u00f3n tecnol\u00f3gica y dise\u00f1o atemporal Cada gabinete est\u00e1 concebido como un santuario de conservaci\u00f3n: estructuras robustas en acero inoxidable, maderas nobles y sistemas digitales capaces de mantener una <b>estabilidad de humedad con exactitud de \u00b11%<\/b>.\n<br><br>\nM\u00e1s que simples espacios de guarda, son entornos inteligentes que garantizan el equilibrio perfecto para cada cigarro. <b>Su ingenier\u00eda silenciosa, la est\u00e9tica sobria y la capacidad de adaptarse<\/b> a diferentes colecciones convierten a las cavas Hygros en piezas que elevan la experiencia del coleccionista y del aficionado exigente.\n<br><br>\nCon ellas, la conservaci\u00f3n deja de ser un desaf\u00edo para transformarse en certeza.\n\n\t\t\t\t\t<\/div>\n\t\t\t\t\n\t\t\t\t\t\t\t\t\t<div class=\"elementor-cta__button-wrapper elementor-cta__content-item elementor-content-item \">\n\t\t\t\t\t<a class=\"elementor-cta__button elementor-button elementor-size-\" href=\"https:\/\/hygrossystems.com\/index.php\/cavas\/\">\n\t\t\t\t\t\tConoc\u00e9\u00a0nuestras\u00a0cavas\t\t\t\t\t<\/a>\n\t\t\t\t\t<\/div>\n\t\t\t\t\t\t\t<\/div>\n\t\t\t\t\t\t<\/div>\n\t\t\t\t\t\t<\/div>\n\t\t\t\t<\/div>\n\t\t\t\t<\/div>\n\t\t<div class=\"elementor-element elementor-element-e106b37 e-con-full e-flex e-con e-child\" data-id=\"e106b37\" data-element_type=\"container\">\n\t\t\t\t<div class=\"elementor-element elementor-element-3794830 elementor-cta--layout-image-left elementor-cta--mobile-layout-image-above elementor-cta--skin-classic elementor-animated-content elementor-bg-transform elementor-bg-transform-zoom-in elementor-widget elementor-widget-call-to-action\" data-id=\"3794830\" data-element_type=\"widget\" data-widget_type=\"call-to-action.default\">\n\t\t\t\t<div class=\"elementor-widget-container\">\n\t\t\t\t\t\t\t<div class=\"elementor-cta\">\n\t\t\t\t\t<div class=\"elementor-cta__bg-wrapper\">\n\t\t\t\t<div class=\"elementor-cta__bg elementor-bg\" style=\"background-image: url(https:\/\/hygrossystems.com\/wp-content\/uploads\/2025\/08\/productos-24-1024x683.png);\" role=\"img\" aria-label=\"productos-24\"><\/div>\n\t\t\t\t<div class=\"elementor-cta__bg-overlay\"><\/div>\n\t\t\t<\/div>\n\t\t\t\t\t\t\t<div class=\"elementor-cta__content\">\n\t\t\t\t\n\t\t\t\t\t\t\t\t\t<h2 class=\"elementor-cta__title elementor-cta__content-item elementor-content-item\">\n\t\t\t\t\t\tBolsas de humedad Hygros\t\t\t\t\t<\/h2>\n\t\t\t\t\n\t\t\t\t\t\t\t\t\t<div class=\"elementor-cta__description elementor-cta__content-item elementor-content-item\">\n\t\t\t\t\t\tLas <b>Humidity Bags de Hygros<\/b> encapsulan una <b>f\u00f3rmula cient\u00edfica<\/b> dise\u00f1ada para mantener el <b>equilibrio exacto de humedad <\/b>relativa: <b>62% o 75%<\/b>.\n<br><br>\nSon una soluci\u00f3n <b>simple, pr\u00e1ctica y confiable<\/b>: sin mantenimiento, sin esfuerzo y con resultados constantes. Cada bolsa prolonga la vida del cigarro, preservando aroma, textura y car\u00e1cter como si fuera el primer d\u00eda.\n<br><br>\nEs una tecnolog\u00eda invisible, al servicio de cada ritual.\t\t\t\t\t<\/div>\n\t\t\t\t\n\t\t\t\t\t\t\t\t\t<div class=\"elementor-cta__button-wrapper elementor-cta__content-item elementor-content-item \">\n\t\t\t\t\t<a class=\"elementor-cta__button elementor-button elementor-size-\" href=\"https:\/\/hygrossystems.com\/index.php\/bolsas-de-humedad\/\">\n\t\t\t\t\t\tConoc\u00e9 nuestras\u00a0Humidity\u00a0Bags\t\t\t\t\t<\/a>\n\t\t\t\t\t<\/div>\n\t\t\t\t\t\t\t<\/div>\n\t\t\t\t\t\t<\/div>\n\t\t\t\t\t\t<\/div>\n\t\t\t\t<\/div>\n\t\t<div class=\"elementor-element elementor-element-74826d0 e-con-full e-flex e-con e-child\" data-id=\"74826d0\" data-element_type=\"container\" data-settings=\"{&quot;background_background&quot;:&quot;classic&quot;}\">\n\t\t\t\t<div class=\"elementor-element elementor-element-bbef4be elementor-invisible elementor-widget elementor-widget-text-editor\" data-id=\"bbef4be\" data-element_type=\"widget\" data-settings=\"{&quot;_animation&quot;:&quot;fadeInDown&quot;}\" data-widget_type=\"text-editor.default\">\n\t\t\t\t<div class=\"elementor-widget-container\">\n\t\t\t\t\t\t\t\t\t<p>ENCONTRANOS EN<\/p>\t\t\t\t\t\t\t\t<\/div>\n\t\t\t\t<\/div>\n\t\t\t\t<\/div>\n\t\t\t\t<\/div>\n\t\t<div class=\"elementor-element elementor-element-479fd002 e-con-full e-flex e-con e-child\" data-id=\"479fd002\" data-element_type=\"container\" data-settings=\"{&quot;background_background&quot;:&quot;classic&quot;}\">\n\t\t<div class=\"elementor-element elementor-element-f84e303 e-con-full e-flex e-con e-child\" data-id=\"f84e303\" data-element_type=\"container\" data-settings=\"{&quot;background_background&quot;:&quot;slideshow&quot;,&quot;background_slideshow_gallery&quot;:[{&quot;id&quot;:1236,&quot;url&quot;:&quot;https:\\\/\\\/hygrossystems.com\\\/wp-content\\\/uploads\\\/2025\\\/08\\\/banner2.png&quot;}],&quot;background_slideshow_loop&quot;:&quot;yes&quot;,&quot;background_slideshow_slide_duration&quot;:5000,&quot;background_slideshow_slide_transition&quot;:&quot;fade&quot;,&quot;background_slideshow_transition_duration&quot;:500}\">\n\t\t\t\t<div class=\"elementor-element elementor-element-8341781 elementor-widget elementor-widget-heading\" data-id=\"8341781\" data-element_type=\"widget\" data-widget_type=\"heading.default\">\n\t\t\t\t<div class=\"elementor-widget-container\">\n\t\t\t\t\t<h2 class=\"elementor-heading-title elementor-size-default\">Eleg\u00ed la experiencia de compra que prefieras<\/h2>\t\t\t\t<\/div>\n\t\t\t\t<\/div>\n\t\t\t\t<div class=\"elementor-element elementor-element-6a9ba35 elementor-widget__width-initial elementor-invisible elementor-widget elementor-widget-text-editor\" data-id=\"6a9ba35\" data-element_type=\"widget\" data-settings=\"{&quot;_animation&quot;:&quot;fadeInDown&quot;}\" data-widget_type=\"text-editor.default\">\n\t\t\t\t<div class=\"elementor-widget-container\">\n\t\t\t\t\t\t\t\t\t<p>Disponibles exclusivamente a trav\u00e9s de canales oficiales, con el respaldo que asegura la experiencia Hygros.<\/p>\t\t\t\t\t\t\t\t<\/div>\n\t\t\t\t<\/div>\n\t\t<div class=\"elementor-element elementor-element-336afdd e-con-full e-flex e-con e-child\" data-id=\"336afdd\" data-element_type=\"container\">\n\t\t\t\t<div class=\"elementor-element elementor-element-119931f elementor-widget__width-initial elementor-widget elementor-widget-image\" data-id=\"119931f\" data-element_type=\"widget\" data-widget_type=\"image.default\">\n\t\t\t\t<div class=\"elementor-widget-container\">\n\t\t\t\t\t\t\t\t\t\t\t\t\t\t\t\t<a href=\"https:\/\/vueltabajo.com.ar\/product-category\/hygros\/\">\n\t\t\t\t\t\t\t<img decoding=\"async\" width=\"800\" height=\"176\" src=\"https:\/\/hygrossystems.com\/wp-content\/uploads\/2025\/08\/BOTONES-COMPRA-05.png\" class=\"elementor-animation-grow attachment-large size-large wp-image-1274\" alt=\"\" srcset=\"https:\/\/hygrossystems.com\/wp-content\/uploads\/2025\/08\/BOTONES-COMPRA-05.png 827w, https:\/\/hygrossystems.com\/wp-content\/uploads\/2025\/08\/BOTONES-COMPRA-05-300x66.png 300w, https:\/\/hygrossystems.com\/wp-content\/uploads\/2025\/08\/BOTONES-COMPRA-05-768x169.png 768w\" sizes=\"(max-width: 800px) 100vw, 800px\" \/>\t\t\t\t\t\t\t\t<\/a>\n\t\t\t\t\t\t\t\t\t\t\t\t\t\t\t<\/div>\n\t\t\t\t<\/div>\n\t\t\t\t<div class=\"elementor-element elementor-element-9803c35 elementor-widget__width-initial elementor-widget elementor-widget-image\" data-id=\"9803c35\" data-element_type=\"widget\" data-widget_type=\"image.default\">\n\t\t\t\t<div class=\"elementor-widget-container\">\n\t\t\t\t\t\t\t\t\t\t\t\t\t\t\t\t<a href=\"https:\/\/listado.mercadolibre.com.ar\/tienda\/vuelta-abajo\/hygros?sb=storefront_url#D%5BA:hygros%5D\">\n\t\t\t\t\t\t\t<img decoding=\"async\" width=\"800\" height=\"176\" src=\"https:\/\/hygrossystems.com\/wp-content\/uploads\/2025\/08\/BOTONES-COMPRA-06.png\" class=\"elementor-animation-grow attachment-large size-large wp-image-1273\" alt=\"\" srcset=\"https:\/\/hygrossystems.com\/wp-content\/uploads\/2025\/08\/BOTONES-COMPRA-06.png 827w, https:\/\/hygrossystems.com\/wp-content\/uploads\/2025\/08\/BOTONES-COMPRA-06-300x66.png 300w, https:\/\/hygrossystems.com\/wp-content\/uploads\/2025\/08\/BOTONES-COMPRA-06-768x169.png 768w\" sizes=\"(max-width: 800px) 100vw, 800px\" \/>\t\t\t\t\t\t\t\t<\/a>\n\t\t\t\t\t\t\t\t\t\t\t\t\t\t\t<\/div>\n\t\t\t\t<\/div>\n\t\t\t\t<\/div>\n\t\t\t\t<\/div>\n\t\t\t\t<\/div>\n\t\t\t\t\t<\/div>\n\t\t\t\t<\/div>\n\t\t\t\t<\/div>\n\t\t","protected":false},"excerpt":{"rendered":"<p>Ingenier\u00eda exacta. Conservaci\u00f3n impecable. El control de la humedad se simplifica con nuestra tecnolog\u00eda l\u00edder en la industria. Conocer productos CAVAS | BOLSAS DE HUMEDAD | CAVAS | BOLSAS DE HUMEDAD | CAVAS | BOLSAS DE HUMEDAD | CAVAS | BOLSAS DE HUMEDAD | CAVAS | BOLSAS DE HUMEDAD | CAVAS | BOLSAS DE HUMEDAD [&hellip;]<\/p>\n","protected":false},"author":1,"featured_media":0,"parent":0,"menu_order":0,"comment_status":"closed","ping_status":"closed","template":"elementor_header_footer","meta":{"footnotes":""},"class_list":["post-43","page","type-page","status-publish","hentry"],"aioseo_notices":[],"lang":"es","translations":{"es":43},"pll_sync_post":[],"_links":{"self":[{"href":"https:\/\/hygrossystems.com\/index.php\/wp-json\/wp\/v2\/pages\/43","targetHints":{"allow":["GET"]}}],"collection":[{"href":"https:\/\/hygrossystems.com\/index.php\/wp-json\/wp\/v2\/pages"}],"about":[{"href":"https:\/\/hygrossystems.com\/index.php\/wp-json\/wp\/v2\/types\/page"}],"author":[{"embeddable":true,"href":"https:\/\/hygrossystems.com\/index.php\/wp-json\/wp\/v2\/users\/1"}],"replies":[{"embeddable":true,"href":"https:\/\/hygrossystems.com\/index.php\/wp-json\/wp\/v2\/comments?post=43"}],"version-history":[{"count":508,"href":"https:\/\/hygrossystems.com\/index.php\/wp-json\/wp\/v2\/pages\/43\/revisions"}],"predecessor-version":[{"id":1374,"href":"https:\/\/hygrossystems.com\/index.php\/wp-json\/wp\/v2\/pages\/43\/revisions\/1374"}],"wp:attachment":[{"href":"https:\/\/hygrossystems.com\/index.php\/wp-json\/wp\/v2\/media?parent=43"}],"curies":[{"name":"wp","href":"https:\/\/api.w.org\/{rel}","templated":true}]}}